{"id":633,"date":"2018-11-28T17:56:27","date_gmt":"2018-11-28T16:56:27","guid":{"rendered":"http:\/\/www.baufinanzierung-ohne-eigenkapital.info\/boek\/blog\/?page_id=633"},"modified":"2023-03-07T13:14:20","modified_gmt":"2023-03-07T12:14:20","slug":"rechner","status":"publish","type":"page","link":"https:\/\/www.baufinanzierung-ohne-eigenkapital.info\/boek\/blog\/loesungen\/rechner","title":{"rendered":"Finanzierungsrechner"},"content":{"rendered":"<h1 style=\"text-align: center;\"><\/h1>\n<p><center><iframe loading=\"lazy\" src=\"https:\/\/www.youtube.com\/embed\/NxuNSJ7DpKU?autoplay=1\" width=\"560\" height=\"315\" frameborder=\"0\" allowfullscreen=\"allowfullscreen\"><\/iframe><\/center><\/p>\n<div><\/div>\n<p><center><button class=\"baufilead_leadformular\">Zur Sofort-Anfrage<\/button><\/center><\/p>\n<h3><\/h3>\n<h3 style=\"text-align: center;\">Budget Rechner<\/h3>\n<div class=\"text\">Der Budget Rechner ben\u00f6tigt nur die monatliche Rate, die Sie bezahlen wollen und ggfs. vorhandenes Eigenkapital. Damit errechnet er Ihnen, wie viel Sie f\u00fcr eine Immobilie ca. ausgeben k\u00f6nnen.<br \/>\n<center><br \/>\n<button class=\"baufilead_budgetrechner klickbar\">Zum Budget Rechner<\/button><\/center><\/div>\n<h3><\/h3>\n<h3 style=\"text-align: center;\">Nebenkostenrechner<\/h3>\n<div class=\"text\">Mit dem Nebenkostenrechner k\u00f6nnen Sie die voraussichtlichen Nebenkosten wie Notar- und Gerichtskosten (Kaufvertrag und Grundschulden) sowie die Grunderwerbsteuer ermitteln.<br \/>\n<center><br \/>\n<button class=\"baufilead_nebenkostenrechner\">Zum Nebenkostenrechner<\/button><\/center><\/div>\n<h3><\/h3>\n<h3 style=\"text-align: center;\">Mieten\/Kaufen Rechner<\/h3>\n<div class=\"text\">Mit dem Mieten\/Kaufen Rechner k\u00f6nnen Sie ermitteln, wie viel Darlehen Sie mit Ihrer jetzigen Miete beantragen k\u00f6nnen.<br \/>\n<center><br \/>\n<button class=\"baufilead_mietekaufvergleichsrechner\">Zum MieteKaufenRechner<\/button><\/center><\/p>\n<\/div>\n","protected":false},"excerpt":{"rendered":"<p>Zur Sofort-Anfrage Budget Rechner Der Budget Rechner ben\u00f6tigt nur die monatliche Rate, die Sie bezahlen wollen und ggfs. vorhandenes Eigenkapital. Damit errechnet er Ihnen, wie viel Sie f\u00fcr eine Immobilie ca. ausgeben k\u00f6nnen. Zum Budget Rechner Nebenkostenrechner Mit dem Nebenkostenrechner k\u00f6nnen Sie die voraussichtlichen Nebenkosten wie Notar- und Gerichtskosten (Kaufvertrag und Grundschulden) sowie die Grunderwerbsteuer&#8230;<\/p>\n","protected":false},"author":1,"featured_media":0,"parent":156,"menu_order":0,"comment_status":"closed","ping_status":"closed","template":"","meta":{"footnotes":""},"class_list":["post-633","page","type-page","status-publish","hentry"],"yoast_head":"<!-- This site is optimized with the Yoast SEO plugin v26.9 - https:\/\/yoast.com\/product\/yoast-seo-wordpress\/ -->\n<title>Finanzierungsrechner &#8211; Baufinanzierung ohne Eigenkapital<\/title>\n<meta name=\"robots\" content=\"index, follow, max-snippet:-1, max-image-preview:large, max-video-preview:-1\" \/>\n<link rel=\"canonical\" href=\"https:\/\/www.baufinanzierung-ohne-eigenkapital.info\/boek\/blog\/loesungen\/rechner\" \/>\n<meta property=\"og:locale\" content=\"de_DE\" \/>\n<meta property=\"og:type\" content=\"article\" \/>\n<meta property=\"og:title\" content=\"Finanzierungsrechner &#8211; Baufinanzierung ohne Eigenkapital\" \/>\n<meta property=\"og:description\" content=\"Zur Sofort-Anfrage Budget Rechner Der Budget Rechner ben\u00f6tigt nur die monatliche Rate, die Sie bezahlen wollen und ggfs. vorhandenes Eigenkapital. Damit errechnet er Ihnen, wie viel Sie f\u00fcr eine Immobilie ca. ausgeben k\u00f6nnen. Zum Budget Rechner Nebenkostenrechner Mit dem Nebenkostenrechner k\u00f6nnen Sie die voraussichtlichen Nebenkosten wie Notar- und Gerichtskosten (Kaufvertrag und Grundschulden) sowie die Grunderwerbsteuer...\" \/>\n<meta property=\"og:url\" content=\"https:\/\/www.baufinanzierung-ohne-eigenkapital.info\/boek\/blog\/loesungen\/rechner\" \/>\n<meta property=\"og:site_name\" content=\"Baufinanzierung ohne Eigenkapital\" \/>\n<meta property=\"article:publisher\" content=\"https:\/\/www.facebook.com\/baufinanzierungohneeigenkapital\/\" \/>\n<meta property=\"article:modified_time\" content=\"2023-03-07T12:14:20+00:00\" \/>\n<meta name=\"twitter:label1\" content=\"Gesch\u00e4tzte Lesezeit\" \/>\n\t<meta name=\"twitter:data1\" content=\"1\u00a0Minute\" \/>\n<script type=\"application\/ld+json\" class=\"yoast-schema-graph\">{\"@context\":\"https:\/\/schema.org\",\"@graph\":[{\"@type\":\"WebPage\",\"@id\":\"https:\/\/www.baufinanzierung-ohne-eigenkapital.info\/boek\/blog\/loesungen\/rechner\",\"url\":\"https:\/\/www.baufinanzierung-ohne-eigenkapital.info\/boek\/blog\/loesungen\/rechner\",\"name\":\"Finanzierungsrechner &#8211; Baufinanzierung ohne Eigenkapital\",\"isPartOf\":{\"@id\":\"https:\/\/www.baufinanzierung-ohne-eigenkapital.info\/boek\/blog\/#website\"},\"datePublished\":\"2018-11-28T16:56:27+00:00\",\"dateModified\":\"2023-03-07T12:14:20+00:00\",\"breadcrumb\":{\"@id\":\"https:\/\/www.baufinanzierung-ohne-eigenkapital.info\/boek\/blog\/loesungen\/rechner#breadcrumb\"},\"inLanguage\":\"de\",\"potentialAction\":[{\"@type\":\"ReadAction\",\"target\":[\"https:\/\/www.baufinanzierung-ohne-eigenkapital.info\/boek\/blog\/loesungen\/rechner\"]}]},{\"@type\":\"BreadcrumbList\",\"@id\":\"https:\/\/www.baufinanzierung-ohne-eigenkapital.info\/boek\/blog\/loesungen\/rechner#breadcrumb\",\"itemListElement\":[{\"@type\":\"ListItem\",\"position\":1,\"name\":\"Home\",\"item\":\"https:\/\/www.baufinanzierung-ohne-eigenkapital.info\/boek\/blog\/\"},{\"@type\":\"ListItem\",\"position\":2,\"name\":\"Starten Sie hier!\",\"item\":\"https:\/\/www.baufinanzierung-ohne-eigenkapital.info\/boek\/blog\/loesungen\"},{\"@type\":\"ListItem\",\"position\":3,\"name\":\"Finanzierungsrechner\"}]},{\"@type\":\"WebSite\",\"@id\":\"https:\/\/www.baufinanzierung-ohne-eigenkapital.info\/boek\/blog\/#website\",\"url\":\"https:\/\/www.baufinanzierung-ohne-eigenkapital.info\/boek\/blog\/\",\"name\":\"Baufinanzierung ohne Eigenkapital\",\"description\":\"...auch wenn Ihre Bank bereits abgelehnt hat!\",\"publisher\":{\"@id\":\"https:\/\/www.baufinanzierung-ohne-eigenkapital.info\/boek\/blog\/#organization\"},\"potentialAction\":[{\"@type\":\"SearchAction\",\"target\":{\"@type\":\"EntryPoint\",\"urlTemplate\":\"https:\/\/www.baufinanzierung-ohne-eigenkapital.info\/boek\/blog\/?s={search_term_string}\"},\"query-input\":{\"@type\":\"PropertyValueSpecification\",\"valueRequired\":true,\"valueName\":\"search_term_string\"}}],\"inLanguage\":\"de\"},{\"@type\":\"Organization\",\"@id\":\"https:\/\/www.baufinanzierung-ohne-eigenkapital.info\/boek\/blog\/#organization\",\"name\":\"Baufinanzierung ohne Eigenkapital\",\"url\":\"https:\/\/www.baufinanzierung-ohne-eigenkapital.info\/boek\/blog\/\",\"logo\":{\"@type\":\"ImageObject\",\"inLanguage\":\"de\",\"@id\":\"https:\/\/www.baufinanzierung-ohne-eigenkapital.info\/boek\/blog\/#\/schema\/logo\/image\/\",\"url\":\"https:\/\/www.baufinanzierung-ohne-eigenkapital.info\/boek\/blog\/wp-content\/uploads\/2017\/11\/Profilbild.jpg\",\"contentUrl\":\"https:\/\/www.baufinanzierung-ohne-eigenkapital.info\/boek\/blog\/wp-content\/uploads\/2017\/11\/Profilbild.jpg\",\"width\":533,\"height\":519,\"caption\":\"Baufinanzierung ohne Eigenkapital\"},\"image\":{\"@id\":\"https:\/\/www.baufinanzierung-ohne-eigenkapital.info\/boek\/blog\/#\/schema\/logo\/image\/\"},\"sameAs\":[\"https:\/\/www.facebook.com\/baufinanzierungohneeigenkapital\/\",\"https:\/\/x.com\/StefanSchulze\",\"https:\/\/www.linkedin.com\/in\/stefanschulze\/\",\"https:\/\/www.youtube.com\/channel\/UCGPHmECv2u3NAa8yJFNPAvw\"]}]}<\/script>\n<!-- \/ Yoast SEO plugin. -->","yoast_head_json":{"title":"Finanzierungsrechner &#8211; Baufinanzierung ohne Eigenkapital","robots":{"index":"index","follow":"follow","max-snippet":"max-snippet:-1","max-image-preview":"max-image-preview:large","max-video-preview":"max-video-preview:-1"},"canonical":"https:\/\/www.baufinanzierung-ohne-eigenkapital.info\/boek\/blog\/loesungen\/rechner","og_locale":"de_DE","og_type":"article","og_title":"Finanzierungsrechner &#8211; Baufinanzierung ohne Eigenkapital","og_description":"Zur Sofort-Anfrage Budget Rechner Der Budget Rechner ben\u00f6tigt nur die monatliche Rate, die Sie bezahlen wollen und ggfs. vorhandenes Eigenkapital. Damit errechnet er Ihnen, wie viel Sie f\u00fcr eine Immobilie ca. ausgeben k\u00f6nnen. Zum Budget Rechner Nebenkostenrechner Mit dem Nebenkostenrechner k\u00f6nnen Sie die voraussichtlichen Nebenkosten wie Notar- und Gerichtskosten (Kaufvertrag und Grundschulden) sowie die Grunderwerbsteuer...","og_url":"https:\/\/www.baufinanzierung-ohne-eigenkapital.info\/boek\/blog\/loesungen\/rechner","og_site_name":"Baufinanzierung ohne Eigenkapital","article_publisher":"https:\/\/www.facebook.com\/baufinanzierungohneeigenkapital\/","article_modified_time":"2023-03-07T12:14:20+00:00","twitter_misc":{"Gesch\u00e4tzte Lesezeit":"1\u00a0Minute"},"schema":{"@context":"https:\/\/schema.org","@graph":[{"@type":"WebPage","@id":"https:\/\/www.baufinanzierung-ohne-eigenkapital.info\/boek\/blog\/loesungen\/rechner","url":"https:\/\/www.baufinanzierung-ohne-eigenkapital.info\/boek\/blog\/loesungen\/rechner","name":"Finanzierungsrechner &#8211; Baufinanzierung ohne Eigenkapital","isPartOf":{"@id":"https:\/\/www.baufinanzierung-ohne-eigenkapital.info\/boek\/blog\/#website"},"datePublished":"2018-11-28T16:56:27+00:00","dateModified":"2023-03-07T12:14:20+00:00","breadcrumb":{"@id":"https:\/\/www.baufinanzierung-ohne-eigenkapital.info\/boek\/blog\/loesungen\/rechner#breadcrumb"},"inLanguage":"de","potentialAction":[{"@type":"ReadAction","target":["https:\/\/www.baufinanzierung-ohne-eigenkapital.info\/boek\/blog\/loesungen\/rechner"]}]},{"@type":"BreadcrumbList","@id":"https:\/\/www.baufinanzierung-ohne-eigenkapital.info\/boek\/blog\/loesungen\/rechner#breadcrumb","itemListElement":[{"@type":"ListItem","position":1,"name":"Home","item":"https:\/\/www.baufinanzierung-ohne-eigenkapital.info\/boek\/blog\/"},{"@type":"ListItem","position":2,"name":"Starten Sie hier!","item":"https:\/\/www.baufinanzierung-ohne-eigenkapital.info\/boek\/blog\/loesungen"},{"@type":"ListItem","position":3,"name":"Finanzierungsrechner"}]},{"@type":"WebSite","@id":"https:\/\/www.baufinanzierung-ohne-eigenkapital.info\/boek\/blog\/#website","url":"https:\/\/www.baufinanzierung-ohne-eigenkapital.info\/boek\/blog\/","name":"Baufinanzierung ohne Eigenkapital","description":"...auch wenn Ihre Bank bereits abgelehnt hat!","publisher":{"@id":"https:\/\/www.baufinanzierung-ohne-eigenkapital.info\/boek\/blog\/#organization"},"potentialAction":[{"@type":"SearchAction","target":{"@type":"EntryPoint","urlTemplate":"https:\/\/www.baufinanzierung-ohne-eigenkapital.info\/boek\/blog\/?s={search_term_string}"},"query-input":{"@type":"PropertyValueSpecification","valueRequired":true,"valueName":"search_term_string"}}],"inLanguage":"de"},{"@type":"Organization","@id":"https:\/\/www.baufinanzierung-ohne-eigenkapital.info\/boek\/blog\/#organization","name":"Baufinanzierung ohne Eigenkapital","url":"https:\/\/www.baufinanzierung-ohne-eigenkapital.info\/boek\/blog\/","logo":{"@type":"ImageObject","inLanguage":"de","@id":"https:\/\/www.baufinanzierung-ohne-eigenkapital.info\/boek\/blog\/#\/schema\/logo\/image\/","url":"https:\/\/www.baufinanzierung-ohne-eigenkapital.info\/boek\/blog\/wp-content\/uploads\/2017\/11\/Profilbild.jpg","contentUrl":"https:\/\/www.baufinanzierung-ohne-eigenkapital.info\/boek\/blog\/wp-content\/uploads\/2017\/11\/Profilbild.jpg","width":533,"height":519,"caption":"Baufinanzierung ohne Eigenkapital"},"image":{"@id":"https:\/\/www.baufinanzierung-ohne-eigenkapital.info\/boek\/blog\/#\/schema\/logo\/image\/"},"sameAs":["https:\/\/www.facebook.com\/baufinanzierungohneeigenkapital\/","https:\/\/x.com\/StefanSchulze","https:\/\/www.linkedin.com\/in\/stefanschulze\/","https:\/\/www.youtube.com\/channel\/UCGPHmECv2u3NAa8yJFNPAvw"]}]}},"amp_enabled":true,"_links":{"self":[{"href":"https:\/\/www.baufinanzierung-ohne-eigenkapital.info\/boek\/blog\/wp-json\/wp\/v2\/pages\/633","targetHints":{"allow":["GET"]}}],"collection":[{"href":"https:\/\/www.baufinanzierung-ohne-eigenkapital.info\/boek\/blog\/wp-json\/wp\/v2\/pages"}],"about":[{"href":"https:\/\/www.baufinanzierung-ohne-eigenkapital.info\/boek\/blog\/wp-json\/wp\/v2\/types\/page"}],"author":[{"embeddable":true,"href":"https:\/\/www.baufinanzierung-ohne-eigenkapital.info\/boek\/blog\/wp-json\/wp\/v2\/users\/1"}],"replies":[{"embeddable":true,"href":"https:\/\/www.baufinanzierung-ohne-eigenkapital.info\/boek\/blog\/wp-json\/wp\/v2\/comments?post=633"}],"version-history":[{"count":36,"href":"https:\/\/www.baufinanzierung-ohne-eigenkapital.info\/boek\/blog\/wp-json\/wp\/v2\/pages\/633\/revisions"}],"predecessor-version":[{"id":1338,"href":"https:\/\/www.baufinanzierung-ohne-eigenkapital.info\/boek\/blog\/wp-json\/wp\/v2\/pages\/633\/revisions\/1338"}],"up":[{"embeddable":true,"href":"https:\/\/www.baufinanzierung-ohne-eigenkapital.info\/boek\/blog\/wp-json\/wp\/v2\/pages\/156"}],"wp:attachment":[{"href":"https:\/\/www.baufinanzierung-ohne-eigenkapital.info\/boek\/blog\/wp-json\/wp\/v2\/media?parent=633"}],"curies":[{"name":"wp","href":"https:\/\/api.w.org\/{rel}","templated":true}]}}